{"id":505,"date":"2022-07-17T13:58:01","date_gmt":"2022-07-17T13:58:01","guid":{"rendered":"https:\/\/saxophon-freiburg.de\/wp\/?page_id=505"},"modified":"2025-06-01T14:55:05","modified_gmt":"2025-06-01T14:55:05","slug":"online-aufnahmepruefung-musikhochschule-musiktheorie-gehoerbildung","status":"publish","type":"page","link":"https:\/\/saxophon-freiburg.de\/wp\/online-aufnahmepruefung-musikhochschule-musiktheorie-gehoerbildung\/","title":{"rendered":"Aufnahmepr\u00fcfungs-Vorbereitung (Online)"},"content":{"rendered":"\n<p class=\"has-text-align-center\"><\/p>\n\n\n\n<p>Du m\u00f6chtest an einer Musikhochschule studieren und brauchst f\u00fcr die Aufnahmepr\u00fcfung noch Unterst\u00fctzung in Musiktheorie und Geh\u00f6rbildung? Du brauchst jemanden, der Dich professionell und pers\u00f6nlich auf dieses Ziel vorbereitet? Am besten einen Lehrer, der selbst in diesem Bereich an einer Hochschule arbeitet? Dann brauchst Du nur zwei Dinge: <strong>etwas Zeit und gutes Internet<\/strong>!<\/p>\n\n\n<div class=\"wp-block-image is-style-default\">\n<figure class=\"aligncenter size-large is-resized\"><a href=\"https:\/\/saxophon-freiburg.de\/wp\/wp-content\/uploads\/2022\/07\/2022-07-18-20_15_36-WS8_4356.JPG.png\"><img loading=\"lazy\" decoding=\"async\" width=\"1024\" height=\"677\" src=\"https:\/\/saxophon-freiburg.de\/wp\/wp-content\/uploads\/2022\/07\/2022-07-18-20_15_36-WS8_4356.JPG-1024x677.png\" alt=\"\" class=\"wp-image-523\" style=\"width:451px;height:298px\" srcset=\"https:\/\/saxophon-freiburg.de\/wp\/wp-content\/uploads\/2022\/07\/2022-07-18-20_15_36-WS8_4356.JPG-1024x677.png 1024w, https:\/\/saxophon-freiburg.de\/wp\/wp-content\/uploads\/2022\/07\/2022-07-18-20_15_36-WS8_4356.JPG-300x198.png 300w, https:\/\/saxophon-freiburg.de\/wp\/wp-content\/uploads\/2022\/07\/2022-07-18-20_15_36-WS8_4356.JPG-768x508.png 768w, https:\/\/saxophon-freiburg.de\/wp\/wp-content\/uploads\/2022\/07\/2022-07-18-20_15_36-WS8_4356.JPG.png 1123w\" sizes=\"auto, (max-width: 1024px) 100vw, 1024px\" \/><\/a><\/figure>\n<\/div>\n\n\n<p><\/p>\n\n\n\n<p>Seit meinem Diplom-Studium f\u00fcr Musiktheorie\/Geh\u00f6rbildung vor 20 Jahren arbeite ich u.a. an der Musikhochschule Freiburg als Lehrbeauftragter im diesem Bereich, 12 Jahre davon auch gleichzeitig an der Musikhochschule Karlsruhe. Ich wei\u00df also sehr genau, wie die Anforderungen f\u00fcr ein Hochschulstudium sind. W\u00e4hrend dieser Zeit bereite ich regelm\u00e4\u00dfig und sehr erfolgreich Studierende f\u00fcr Aufnahmepr\u00fcfungen an deutschen Musikhochschulen vor. Seit Jahren auch unabh\u00e4ngig von Ort und Zeit: <strong>Online !<\/strong><\/p>\n\n\n\n<p>Wir k\u00f6nnen uns f\u00fcr einen ersten Online-Termin verabreden, um Dich in Theorie und Geh\u00f6rbildung einmal durchzu-checken. Danach wei\u00df ich ziemlich genau, wo Du stehst und was Du noch brauchst. Das Wichtigste folgt danach: <strong>die zielgenaue und effektive Vorbereitung auf Deine geplante Aufnahmepr\u00fcfung.<\/strong> Wir werden uns, ausgehend von Deinen bereits erlernten F\u00e4higkeiten, fokussiert um die noch fehlenden Lerninhalte k\u00fcmmern. Du wirst von mir pers\u00f6nlich dabei betreut. Du erh\u00e4ltst Zugang zu meinem umfangreichen Lern- und \u00dcbungsmaterial. Schriftliche Hausaufgaben schicke ich korrigiert zur\u00fcck, um sie in der n\u00e4chsten Stunde gemeinsam mit Dir zu besprechen.<\/p>\n\n\n\n<p><strong>Diesen pers\u00f6nlichen Online-Check \u00fcber 60 Minuten biete ich an f\u00fcr 90,- \u20ac.<\/strong><\/p>\n\n\n\n<p>Solltest Du Dich danach f\u00fcr Unterricht bei mir entscheiden (mind. 10 Stunden), bekommst Du davon 50,- \u20ac auf die Unterrichtsgeb\u00fchr angerechnet.<\/p>\n\n\n\n<p>Ich w\u00fcrde mich sehr freuen, von Dir zu h\u00f6ren.<\/p>\n\n\n\n<p><\/p>\n\n\n\n<p>Markus<\/p>\n\n\n\n<p><\/p>\n\n\n\n<p><\/p>\n\n\n\n<p><\/p>\n","protected":false},"excerpt":{"rendered":"<p>Du m\u00f6chtest an einer Musikhochschule studieren und brauchst f\u00fcr die Aufnahmepr\u00fcfung noch Unterst\u00fctzung in Musiktheorie und Geh\u00f6rbildung? Du brauchst jemanden, der Dich professionell und pers\u00f6nlich auf dieses Ziel vorbereitet? Am besten einen Lehrer, der selbst in diesem Bereich an einer Hochschule arbeitet? Dann brauchst Du nur zwei Dinge: etwas Zeit und gutes Internet! Seit meinem [&hellip;]<\/p>\n","protected":false},"author":2,"featured_media":0,"parent":0,"menu_order":-1,"comment_status":"closed","ping_status":"closed","template":"","meta":{"footnotes":""},"class_list":["post-505","page","type-page","status-publish","hentry"],"yoast_head":"<!-- This site is optimized with the Yoast SEO plugin v27.2 - https:\/\/yoast.com\/product\/yoast-seo-wordpress\/ -->\n<title>Aufnahmepr\u00fcfungs-Vorbereitung (Online) - Markus Rombach<\/title>\n<meta name=\"description\" content=\"Studium an der Musikhochschule? Unterst\u00fctzung bei der Vorbereitung zur Aufnahmepr\u00fcfung? Von einem Lehrer, der selbst an einer Hochschule arbeitet?\" \/>\n<meta name=\"robots\" content=\"index, follow, max-snippet:-1, max-image-preview:large, max-video-preview:-1\" \/>\n<link rel=\"canonical\" href=\"https:\/\/saxophon-freiburg.de\/wp\/online-aufnahmepruefung-musikhochschule-musiktheorie-gehoerbildung\/\" \/>\n<meta property=\"og:locale\" content=\"de_DE\" \/>\n<meta property=\"og:type\" content=\"article\" \/>\n<meta property=\"og:title\" content=\"Aufnahmepr\u00fcfungs-Vorbereitung (Online) - Markus Rombach\" \/>\n<meta property=\"og:description\" content=\"Studium an der Musikhochschule? Unterst\u00fctzung bei der Vorbereitung zur Aufnahmepr\u00fcfung? Von einem Lehrer, der selbst an einer Hochschule arbeitet?\" \/>\n<meta property=\"og:url\" content=\"https:\/\/saxophon-freiburg.de\/wp\/online-aufnahmepruefung-musikhochschule-musiktheorie-gehoerbildung\/\" \/>\n<meta property=\"og:site_name\" content=\"Markus Rombach\" \/>\n<meta property=\"article:modified_time\" content=\"2025-06-01T14:55:05+00:00\" \/>\n<meta property=\"og:image\" content=\"https:\/\/saxophon-freiburg.de\/wp\/wp-content\/uploads\/2022\/07\/2022-07-18-20_15_36-WS8_4356.JPG.png\" \/>\n\t<meta property=\"og:image:width\" content=\"1123\" \/>\n\t<meta property=\"og:image:height\" content=\"743\" \/>\n\t<meta property=\"og:image:type\" content=\"image\/png\" \/>\n<meta name=\"twitter:card\" content=\"summary_large_image\" \/>\n<meta name=\"twitter:label1\" content=\"Gesch\u00e4tzte Lesezeit\" \/>\n\t<meta name=\"twitter:data1\" content=\"2\u00a0Minuten\" \/>\n<script type=\"application\/ld+json\" class=\"yoast-schema-graph\">{\"@context\":\"https:\/\/schema.org\",\"@graph\":[{\"@type\":\"WebPage\",\"@id\":\"https:\/\/saxophon-freiburg.de\/wp\/online-aufnahmepruefung-musikhochschule-musiktheorie-gehoerbildung\/\",\"url\":\"https:\/\/saxophon-freiburg.de\/wp\/online-aufnahmepruefung-musikhochschule-musiktheorie-gehoerbildung\/\",\"name\":\"Aufnahmepr\u00fcfungs-Vorbereitung (Online) - Markus Rombach\",\"isPartOf\":{\"@id\":\"https:\/\/saxophon-freiburg.de\/wp\/#website\"},\"primaryImageOfPage\":{\"@id\":\"https:\/\/saxophon-freiburg.de\/wp\/online-aufnahmepruefung-musikhochschule-musiktheorie-gehoerbildung\/#primaryimage\"},\"image\":{\"@id\":\"https:\/\/saxophon-freiburg.de\/wp\/online-aufnahmepruefung-musikhochschule-musiktheorie-gehoerbildung\/#primaryimage\"},\"thumbnailUrl\":\"https:\/\/saxophon-freiburg.de\/wp\/wp-content\/uploads\/2022\/07\/2022-07-18-20_15_36-WS8_4356.JPG-1024x677.png\",\"datePublished\":\"2022-07-17T13:58:01+00:00\",\"dateModified\":\"2025-06-01T14:55:05+00:00\",\"description\":\"Studium an der Musikhochschule? Unterst\u00fctzung bei der Vorbereitung zur Aufnahmepr\u00fcfung? Von einem Lehrer, der selbst an einer Hochschule arbeitet?\",\"breadcrumb\":{\"@id\":\"https:\/\/saxophon-freiburg.de\/wp\/online-aufnahmepruefung-musikhochschule-musiktheorie-gehoerbildung\/#breadcrumb\"},\"inLanguage\":\"de\",\"potentialAction\":[{\"@type\":\"ReadAction\",\"target\":[\"https:\/\/saxophon-freiburg.de\/wp\/online-aufnahmepruefung-musikhochschule-musiktheorie-gehoerbildung\/\"]}]},{\"@type\":\"ImageObject\",\"inLanguage\":\"de\",\"@id\":\"https:\/\/saxophon-freiburg.de\/wp\/online-aufnahmepruefung-musikhochschule-musiktheorie-gehoerbildung\/#primaryimage\",\"url\":\"https:\/\/saxophon-freiburg.de\/wp\/wp-content\/uploads\/2022\/07\/2022-07-18-20_15_36-WS8_4356.JPG.png\",\"contentUrl\":\"https:\/\/saxophon-freiburg.de\/wp\/wp-content\/uploads\/2022\/07\/2022-07-18-20_15_36-WS8_4356.JPG.png\",\"width\":1123,\"height\":743},{\"@type\":\"BreadcrumbList\",\"@id\":\"https:\/\/saxophon-freiburg.de\/wp\/online-aufnahmepruefung-musikhochschule-musiktheorie-gehoerbildung\/#breadcrumb\",\"itemListElement\":[{\"@type\":\"ListItem\",\"position\":1,\"name\":\"Startseite\",\"item\":\"https:\/\/saxophon-freiburg.de\/wp\/\"},{\"@type\":\"ListItem\",\"position\":2,\"name\":\"Aufnahmepr\u00fcfungs-Vorbereitung (Online)\"}]},{\"@type\":\"WebSite\",\"@id\":\"https:\/\/saxophon-freiburg.de\/wp\/#website\",\"url\":\"https:\/\/saxophon-freiburg.de\/wp\/\",\"name\":\"Markus Rombach\",\"description\":\"Musiklehrer mit Herz und Seele\",\"publisher\":{\"@id\":\"https:\/\/saxophon-freiburg.de\/wp\/#\/schema\/person\/708fec96e0a3d91615d00e9363691cd6\"},\"potentialAction\":[{\"@type\":\"SearchAction\",\"target\":{\"@type\":\"EntryPoint\",\"urlTemplate\":\"https:\/\/saxophon-freiburg.de\/wp\/?s={search_term_string}\"},\"query-input\":{\"@type\":\"PropertyValueSpecification\",\"valueRequired\":true,\"valueName\":\"search_term_string\"}}],\"inLanguage\":\"de\"},{\"@type\":[\"Person\",\"Organization\"],\"@id\":\"https:\/\/saxophon-freiburg.de\/wp\/#\/schema\/person\/708fec96e0a3d91615d00e9363691cd6\",\"name\":\"Markus Rombach\",\"image\":{\"@type\":\"ImageObject\",\"inLanguage\":\"de\",\"@id\":\"https:\/\/secure.gravatar.com\/avatar\/538f686e29f425c0419cf8dafee4d24a565b7b5fa102db193811a705cea1726a?s=96&d=mm&r=g\",\"url\":\"https:\/\/secure.gravatar.com\/avatar\/538f686e29f425c0419cf8dafee4d24a565b7b5fa102db193811a705cea1726a?s=96&d=mm&r=g\",\"contentUrl\":\"https:\/\/secure.gravatar.com\/avatar\/538f686e29f425c0419cf8dafee4d24a565b7b5fa102db193811a705cea1726a?s=96&d=mm&r=g\",\"caption\":\"Markus Rombach\"},\"logo\":{\"@id\":\"https:\/\/secure.gravatar.com\/avatar\/538f686e29f425c0419cf8dafee4d24a565b7b5fa102db193811a705cea1726a?s=96&d=mm&r=g\"}}]}<\/script>\n<!-- \/ Yoast SEO plugin. -->","yoast_head_json":{"title":"Aufnahmepr\u00fcfungs-Vorbereitung (Online) - Markus Rombach","description":"Studium an der Musikhochschule? Unterst\u00fctzung bei der Vorbereitung zur Aufnahmepr\u00fcfung? Von einem Lehrer, der selbst an einer Hochschule arbeitet?","robots":{"index":"index","follow":"follow","max-snippet":"max-snippet:-1","max-image-preview":"max-image-preview:large","max-video-preview":"max-video-preview:-1"},"canonical":"https:\/\/saxophon-freiburg.de\/wp\/online-aufnahmepruefung-musikhochschule-musiktheorie-gehoerbildung\/","og_locale":"de_DE","og_type":"article","og_title":"Aufnahmepr\u00fcfungs-Vorbereitung (Online) - Markus Rombach","og_description":"Studium an der Musikhochschule? Unterst\u00fctzung bei der Vorbereitung zur Aufnahmepr\u00fcfung? Von einem Lehrer, der selbst an einer Hochschule arbeitet?","og_url":"https:\/\/saxophon-freiburg.de\/wp\/online-aufnahmepruefung-musikhochschule-musiktheorie-gehoerbildung\/","og_site_name":"Markus Rombach","article_modified_time":"2025-06-01T14:55:05+00:00","og_image":[{"width":1123,"height":743,"url":"https:\/\/saxophon-freiburg.de\/wp\/wp-content\/uploads\/2022\/07\/2022-07-18-20_15_36-WS8_4356.JPG.png","type":"image\/png"}],"twitter_card":"summary_large_image","twitter_misc":{"Gesch\u00e4tzte Lesezeit":"2\u00a0Minuten"},"schema":{"@context":"https:\/\/schema.org","@graph":[{"@type":"WebPage","@id":"https:\/\/saxophon-freiburg.de\/wp\/online-aufnahmepruefung-musikhochschule-musiktheorie-gehoerbildung\/","url":"https:\/\/saxophon-freiburg.de\/wp\/online-aufnahmepruefung-musikhochschule-musiktheorie-gehoerbildung\/","name":"Aufnahmepr\u00fcfungs-Vorbereitung (Online) - Markus Rombach","isPartOf":{"@id":"https:\/\/saxophon-freiburg.de\/wp\/#website"},"primaryImageOfPage":{"@id":"https:\/\/saxophon-freiburg.de\/wp\/online-aufnahmepruefung-musikhochschule-musiktheorie-gehoerbildung\/#primaryimage"},"image":{"@id":"https:\/\/saxophon-freiburg.de\/wp\/online-aufnahmepruefung-musikhochschule-musiktheorie-gehoerbildung\/#primaryimage"},"thumbnailUrl":"https:\/\/saxophon-freiburg.de\/wp\/wp-content\/uploads\/2022\/07\/2022-07-18-20_15_36-WS8_4356.JPG-1024x677.png","datePublished":"2022-07-17T13:58:01+00:00","dateModified":"2025-06-01T14:55:05+00:00","description":"Studium an der Musikhochschule? Unterst\u00fctzung bei der Vorbereitung zur Aufnahmepr\u00fcfung? Von einem Lehrer, der selbst an einer Hochschule arbeitet?","breadcrumb":{"@id":"https:\/\/saxophon-freiburg.de\/wp\/online-aufnahmepruefung-musikhochschule-musiktheorie-gehoerbildung\/#breadcrumb"},"inLanguage":"de","potentialAction":[{"@type":"ReadAction","target":["https:\/\/saxophon-freiburg.de\/wp\/online-aufnahmepruefung-musikhochschule-musiktheorie-gehoerbildung\/"]}]},{"@type":"ImageObject","inLanguage":"de","@id":"https:\/\/saxophon-freiburg.de\/wp\/online-aufnahmepruefung-musikhochschule-musiktheorie-gehoerbildung\/#primaryimage","url":"https:\/\/saxophon-freiburg.de\/wp\/wp-content\/uploads\/2022\/07\/2022-07-18-20_15_36-WS8_4356.JPG.png","contentUrl":"https:\/\/saxophon-freiburg.de\/wp\/wp-content\/uploads\/2022\/07\/2022-07-18-20_15_36-WS8_4356.JPG.png","width":1123,"height":743},{"@type":"BreadcrumbList","@id":"https:\/\/saxophon-freiburg.de\/wp\/online-aufnahmepruefung-musikhochschule-musiktheorie-gehoerbildung\/#breadcrumb","itemListElement":[{"@type":"ListItem","position":1,"name":"Startseite","item":"https:\/\/saxophon-freiburg.de\/wp\/"},{"@type":"ListItem","position":2,"name":"Aufnahmepr\u00fcfungs-Vorbereitung (Online)"}]},{"@type":"WebSite","@id":"https:\/\/saxophon-freiburg.de\/wp\/#website","url":"https:\/\/saxophon-freiburg.de\/wp\/","name":"Markus Rombach","description":"Musiklehrer mit Herz und Seele","publisher":{"@id":"https:\/\/saxophon-freiburg.de\/wp\/#\/schema\/person\/708fec96e0a3d91615d00e9363691cd6"},"potentialAction":[{"@type":"SearchAction","target":{"@type":"EntryPoint","urlTemplate":"https:\/\/saxophon-freiburg.de\/wp\/?s={search_term_string}"},"query-input":{"@type":"PropertyValueSpecification","valueRequired":true,"valueName":"search_term_string"}}],"inLanguage":"de"},{"@type":["Person","Organization"],"@id":"https:\/\/saxophon-freiburg.de\/wp\/#\/schema\/person\/708fec96e0a3d91615d00e9363691cd6","name":"Markus Rombach","image":{"@type":"ImageObject","inLanguage":"de","@id":"https:\/\/secure.gravatar.com\/avatar\/538f686e29f425c0419cf8dafee4d24a565b7b5fa102db193811a705cea1726a?s=96&d=mm&r=g","url":"https:\/\/secure.gravatar.com\/avatar\/538f686e29f425c0419cf8dafee4d24a565b7b5fa102db193811a705cea1726a?s=96&d=mm&r=g","contentUrl":"https:\/\/secure.gravatar.com\/avatar\/538f686e29f425c0419cf8dafee4d24a565b7b5fa102db193811a705cea1726a?s=96&d=mm&r=g","caption":"Markus Rombach"},"logo":{"@id":"https:\/\/secure.gravatar.com\/avatar\/538f686e29f425c0419cf8dafee4d24a565b7b5fa102db193811a705cea1726a?s=96&d=mm&r=g"}}]}},"_links":{"self":[{"href":"https:\/\/saxophon-freiburg.de\/wp\/wp-json\/wp\/v2\/pages\/505","targetHints":{"allow":["GET"]}}],"collection":[{"href":"https:\/\/saxophon-freiburg.de\/wp\/wp-json\/wp\/v2\/pages"}],"about":[{"href":"https:\/\/saxophon-freiburg.de\/wp\/wp-json\/wp\/v2\/types\/page"}],"author":[{"embeddable":true,"href":"https:\/\/saxophon-freiburg.de\/wp\/wp-json\/wp\/v2\/users\/2"}],"replies":[{"embeddable":true,"href":"https:\/\/saxophon-freiburg.de\/wp\/wp-json\/wp\/v2\/comments?post=505"}],"version-history":[{"count":28,"href":"https:\/\/saxophon-freiburg.de\/wp\/wp-json\/wp\/v2\/pages\/505\/revisions"}],"predecessor-version":[{"id":895,"href":"https:\/\/saxophon-freiburg.de\/wp\/wp-json\/wp\/v2\/pages\/505\/revisions\/895"}],"wp:attachment":[{"href":"https:\/\/saxophon-freiburg.de\/wp\/wp-json\/wp\/v2\/media?parent=505"}],"curies":[{"name":"wp","href":"https:\/\/api.w.org\/{rel}","templated":true}]}}